{"id":21,"date":"2026-01-29T12:37:15","date_gmt":"2026-01-29T09:37:15","guid":{"rendered":"https:\/\/www.soniaivelik.com\/?page_id=21"},"modified":"2026-03-11T01:24:01","modified_gmt":"2026-03-10T22:24:01","slug":"ben-kimim","status":"publish","type":"page","link":"https:\/\/dertdinliyorum.com\/index.php\/ben-kimim\/","title":{"rendered":"BEN K\u0130M\u0130M"},"content":{"rendered":"\t\t<div data-elementor-type=\"wp-page\" data-elementor-id=\"21\" class=\"elementor elementor-21\">\n\t\t\t\t<div class=\"elementor-element elementor-element-ed84a3c e-grid e-con-boxed e-con e-parent\" data-id=\"ed84a3c\" data-element_type=\"container\" data-e-type=\"container\">\n\t\t\t\t\t<div class=\"e-con-inner\">\n\t\t\t\t<div class=\"elementor-element elementor-element-9d6aea6 elementor-widget elementor-widget-image\" data-id=\"9d6aea6\" data-element_type=\"widget\" data-e-type=\"widget\" data-widget_type=\"image.default\">\n\t\t\t\t\t\t\t\t\t\t\t\t\t\t\t\t<a href=\"https:\/\/dertdinliyorum.com\/index.php\/sertifikalarim\/\">\n\t\t\t\t\t\t\t<img fetchpriority=\"high\" decoding=\"async\" width=\"1024\" height=\"1024\" src=\"https:\/\/dertdinliyorum.com\/wp-content\/uploads\/2026\/03\/sertifikalar.jpg\" class=\"attachment-large size-large wp-image-977\" alt=\"\" srcset=\"https:\/\/dertdinliyorum.com\/wp-content\/uploads\/2026\/03\/sertifikalar.jpg 1024w, https:\/\/dertdinliyorum.com\/wp-content\/uploads\/2026\/03\/sertifikalar-300x300.jpg 300w, https:\/\/dertdinliyorum.com\/wp-content\/uploads\/2026\/03\/sertifikalar-150x150.jpg 150w, https:\/\/dertdinliyorum.com\/wp-content\/uploads\/2026\/03\/sertifikalar-768x768.jpg 768w, https:\/\/dertdinliyorum.com\/wp-content\/uploads\/2026\/03\/sertifikalar-600x600.jpg 600w, https:\/\/dertdinliyorum.com\/wp-content\/uploads\/2026\/03\/sertifikalar-100x100.jpg 100w\" sizes=\"(max-width: 1024px) 100vw, 1024px\" \/>\t\t\t\t\t\t\t\t<\/a>\n\t\t\t\t\t\t\t\t\t\t\t\t\t\t\t<\/div>\n\t\t\t\t<div class=\"elementor-element elementor-element-d3f1085 elementor-widget elementor-widget-image\" data-id=\"d3f1085\" data-element_type=\"widget\" data-e-type=\"widget\" data-widget_type=\"image.default\">\n\t\t\t\t\t\t\t\t\t\t\t\t\t\t\t\t<a href=\"https:\/\/dertdinliyorum.com\/index.php\/kitaplarim\/\">\n\t\t\t\t\t\t\t<img decoding=\"async\" width=\"1024\" height=\"1024\" src=\"https:\/\/dertdinliyorum.com\/wp-content\/uploads\/2026\/03\/kitaplarim.jpg\" class=\"attachment-large size-large wp-image-975\" alt=\"\" srcset=\"https:\/\/dertdinliyorum.com\/wp-content\/uploads\/2026\/03\/kitaplarim.jpg 1024w, https:\/\/dertdinliyorum.com\/wp-content\/uploads\/2026\/03\/kitaplarim-300x300.jpg 300w, https:\/\/dertdinliyorum.com\/wp-content\/uploads\/2026\/03\/kitaplarim-150x150.jpg 150w, https:\/\/dertdinliyorum.com\/wp-content\/uploads\/2026\/03\/kitaplarim-768x768.jpg 768w, https:\/\/dertdinliyorum.com\/wp-content\/uploads\/2026\/03\/kitaplarim-600x600.jpg 600w, https:\/\/dertdinliyorum.com\/wp-content\/uploads\/2026\/03\/kitaplarim-100x100.jpg 100w, https:\/\/dertdinliyorum.com\/wp-content\/uploads\/2026\/03\/kitaplarim-730x730.jpg 730w, https:\/\/dertdinliyorum.com\/wp-content\/uploads\/2026\/03\/kitaplarim-365x365.jpg 365w, https:\/\/dertdinliyorum.com\/wp-content\/uploads\/2026\/03\/kitaplarim-536x536.jpg 536w, https:\/\/dertdinliyorum.com\/wp-content\/uploads\/2026\/03\/kitaplarim-268x268.jpg 268w, https:\/\/dertdinliyorum.com\/wp-content\/uploads\/2026\/03\/kitaplarim-916x916.jpg 916w, https:\/\/dertdinliyorum.com\/wp-content\/uploads\/2026\/03\/kitaplarim-458x458.jpg 458w\" sizes=\"(max-width: 1024px) 100vw, 1024px\" \/>\t\t\t\t\t\t\t\t<\/a>\n\t\t\t\t\t\t\t\t\t\t\t\t\t\t\t<\/div>\n\t\t\t\t<div class=\"elementor-element elementor-element-1878e6c elementor-widget elementor-widget-image\" data-id=\"1878e6c\" data-element_type=\"widget\" data-e-type=\"widget\" data-widget_type=\"image.default\">\n\t\t\t\t\t\t\t\t\t\t\t\t\t\t\t\t<a href=\"https:\/\/dertdinliyorum.com\/index.php\/danisan-videolari-2\/\">\n\t\t\t\t\t\t\t<img decoding=\"async\" width=\"1024\" height=\"1024\" src=\"https:\/\/dertdinliyorum.com\/wp-content\/uploads\/2026\/03\/danisanvideolari.jpg\" class=\"attachment-large size-large wp-image-978\" alt=\"\" srcset=\"https:\/\/dertdinliyorum.com\/wp-content\/uploads\/2026\/03\/danisanvideolari.jpg 1024w, https:\/\/dertdinliyorum.com\/wp-content\/uploads\/2026\/03\/danisanvideolari-300x300.jpg 300w, https:\/\/dertdinliyorum.com\/wp-content\/uploads\/2026\/03\/danisanvideolari-150x150.jpg 150w, https:\/\/dertdinliyorum.com\/wp-content\/uploads\/2026\/03\/danisanvideolari-768x768.jpg 768w, https:\/\/dertdinliyorum.com\/wp-content\/uploads\/2026\/03\/danisanvideolari-600x600.jpg 600w, https:\/\/dertdinliyorum.com\/wp-content\/uploads\/2026\/03\/danisanvideolari-100x100.jpg 100w\" sizes=\"(max-width: 1024px) 100vw, 1024px\" \/>\t\t\t\t\t\t\t\t<\/a>\n\t\t\t\t\t\t\t\t\t\t\t\t\t\t\t<\/div>\n\t\t\t\t\t<\/div>\n\t\t\t\t<\/div>\n\t\t<div class=\"elementor-element elementor-element-39d2fe1 e-flex e-con-boxed e-con e-parent\" data-id=\"39d2fe1\" data-element_type=\"container\" data-e-type=\"container\">\n\t\t\t\t\t<div class=\"e-con-inner\">\n\t\t\t\t<div class=\"elementor-element elementor-element-7b2c841 elementor-widget elementor-widget-text-editor\" data-id=\"7b2c841\" data-element_type=\"widget\" data-e-type=\"widget\" data-widget_type=\"text-editor.default\">\n\t\t\t\t\t\t\t\t\t<h2 style=\"text-align: center;\" data-start=\"226\" data-end=\"246\">\ud83c\udf3f<strong> SONIA \u0130VEL\u0130K<\/strong><\/h2><p style=\"text-align: center;\" data-start=\"248\" data-end=\"304\"><strong data-start=\"248\" data-end=\"304\">\u0130\u00e7sel D\u00f6n\u00fc\u015f\u00fcm \u2022 Fark\u0131ndal\u0131k \u2022 Bilin\u00e7alt\u0131 \u00c7al\u0131\u015fmalar\u0131<\/strong><\/p><hr data-start=\"306\" data-end=\"309\" \/><h3 data-start=\"311\" data-end=\"325\">\u00a0<\/h3><h3 style=\"text-align: left;\" data-start=\"311\" data-end=\"325\"><strong>HAKKIMDA<\/strong><\/h3><p data-start=\"327\" data-end=\"350\"><strong>Ben Sonia \u00d6zlem \u0130velik.<\/strong><\/p><p data-start=\"352\" data-end=\"762\">\u0130nsan\u0131n d\u00f6n\u00fc\u015f\u00fcm s\u00fcrecinin, d\u0131\u015f ko\u015fullar\u0131 de\u011fi\u015ftirmekten \u00f6nce i\u00e7sel fark\u0131ndal\u0131\u011f\u0131n geli\u015fmesiyle ba\u015flad\u0131\u011f\u0131na inan\u0131yorum. Psikoloji literat\u00fcr\u00fc de g\u00f6stermektedir ki; davran\u0131\u015flar\u0131m\u0131z\u0131n, ili\u015fkisel kal\u0131plar\u0131m\u0131z\u0131n ve duygusal tepkilerimizin \u00f6nemli bir k\u0131sm\u0131 bilin\u00e7d\u0131\u015f\u0131 s\u00fcre\u00e7ler taraf\u0131ndan \u015fekillendirilir. Bu nedenle ger\u00e7ek de\u011fi\u015fim, y\u00fczeyde g\u00f6r\u00fcnen sorunlar\u0131n \u00f6tesine ge\u00e7erek bilin\u00e7alt\u0131 dinamikleri anlamay\u0131 gerektirir.<\/p><p data-start=\"764\" data-end=\"1079\">\u00c7al\u0131\u015fmalar\u0131mda; bireyin bili\u015fsel kal\u0131plar\u0131n\u0131, duygusal y\u00fcklerini ve tekrar eden ya\u015fam d\u00f6ng\u00fclerini b\u00fct\u00fcnc\u00fcl bir perspektifle ele al\u0131r\u0131m. \u0130nsan zihni yaln\u0131zca mant\u0131ksal bir yap\u0131 de\u011fil; ayn\u0131 zamanda deneyimlerin, travmalar\u0131n, aile sisteminin ve kolektif bilin\u00e7 izlerinin bir araya geldi\u011fi karma\u015f\u0131k bir organizasyondur.<\/p><p data-start=\"1081\" data-end=\"1367\">Psikodinamik s\u00fcre\u00e7ler, ba\u011flanma stilleri, bilin\u00e7alt\u0131 savunma mekanizmalar\u0131 ve aktar\u0131m dinamikleri; bireyin ya\u015fam\u0131ndaki tekrar eden \u00f6r\u00fcnt\u00fcleri anlamada \u00f6nemli rol oynar. Seanslarda bu \u00f6r\u00fcnt\u00fcleri g\u00f6r\u00fcn\u00fcr k\u0131lmak, ki\u015finin kendi i\u00e7 d\u00fcnyas\u0131n\u0131 g\u00f6zlemleyebilmesini sa\u011flamak temel yakla\u015f\u0131m\u0131md\u0131r.<\/p><p data-start=\"1369\" data-end=\"1667\">Bununla birlikte insan\u0131 yaln\u0131zca psikolojik bir varl\u0131k olarak de\u011fil, ayn\u0131 zamanda anlam arayan bir bilin\u00e7 olarak ele al\u0131r\u0131m. Varolu\u015fsal psikoloji ve transpersonal yakla\u015f\u0131mlar, insan\u0131n yaln\u0131zca travmalar\u0131ndan ibaret olmad\u0131\u011f\u0131n\u0131; ayn\u0131 zamanda potansiyel, sezgi ve i\u00e7sel bilgelik ta\u015f\u0131d\u0131\u011f\u0131n\u0131 vurgular.<\/p><p data-start=\"1669\" data-end=\"1808\">Spirit\u00fcel boyut, burada ka\u00e7\u0131\u015f de\u011fil; fark\u0131ndal\u0131\u011f\u0131n geni\u015flemesidir. Ki\u015finin kendisiyle, de\u011ferleriyle ve ya\u015fam amac\u0131yla kurdu\u011fu derin ba\u011fd\u0131r.<\/p><p data-start=\"1810\" data-end=\"1992\">\u00c7al\u0131\u015fmalar\u0131mda yarg\u0131s\u0131z bir alan sunar\u0131m. M\u00fcdahale eden de\u011fil, e\u015flik eden bir rehberlik anlay\u0131\u015f\u0131 benimserim. \u00c7\u00fcnk\u00fc i\u00e7g\u00f6r\u00fc d\u0131\u015far\u0131dan verilmez; ki\u015fi onu kendi fark\u0131ndal\u0131\u011f\u0131yla ke\u015ffeder.<\/p><p data-start=\"1994\" data-end=\"2009\">Dan\u0131\u015fanlar\u0131m\u0131n:<\/p><ul data-start=\"2011\" data-end=\"2284\"><li data-start=\"2011\" data-end=\"2053\"><p data-start=\"2013\" data-end=\"2053\">Bilin\u00e7alt\u0131 kal\u0131plar\u0131n\u0131 fark etmelerine<\/p><\/li><li data-start=\"2054\" data-end=\"2099\"><p data-start=\"2056\" data-end=\"2099\">Duygusal tekrarlar\u0131n\u0131 anlamland\u0131rmalar\u0131na<\/p><\/li><li data-start=\"2100\" data-end=\"2170\"><p data-start=\"2102\" data-end=\"2170\">Aile sistemi ve ge\u00e7mi\u015f deneyimlerin bug\u00fcnk\u00fc etkilerini g\u00f6rmelerine<\/p><\/li><li data-start=\"2171\" data-end=\"2233\"><p data-start=\"2173\" data-end=\"2233\">\u0130\u00e7sel denge ve \u00f6z-reg\u00fclasyon becerilerini geli\u015ftirmelerine<\/p><\/li><li data-start=\"2234\" data-end=\"2284\"><p data-start=\"2236\" data-end=\"2284\">Kendileriyle daha bilin\u00e7li bir ba\u011f kurmalar\u0131na<\/p><\/li><\/ul><p data-start=\"2286\" data-end=\"2300\">destek olurum.<\/p><p data-start=\"2302\" data-end=\"2432\">\u0130nan\u0131yorum ki insan, kendini tan\u0131d\u0131k\u00e7a g\u00fc\u00e7lenir.<br data-start=\"2350\" data-end=\"2353\" \/>Bilin\u00e7alt\u0131 ayd\u0131nland\u0131k\u00e7a se\u00e7imler de\u011fi\u015fir.<br data-start=\"2395\" data-end=\"2398\" \/>Se\u00e7imler de\u011fi\u015ftik\u00e7e ya\u015fam d\u00f6n\u00fc\u015f\u00fcr.<\/p><p data-start=\"2434\" data-end=\"2579\">D\u00f6n\u00fc\u015f\u00fcm; dramatik bir k\u0131r\u0131lma de\u011fil, fark\u0131ndal\u0131\u011f\u0131n derinle\u015fmesidir.<br data-start=\"2501\" data-end=\"2504\" \/>Ve her bireyin i\u00e7inde, bu d\u00f6n\u00fc\u015f\u00fcm\u00fc ba\u015flatabilecek i\u00e7sel kapasite mevcuttur.<\/p><p data-start=\"2581\" data-end=\"2647\">Benim amac\u0131m; bu kapasitenin g\u00f6r\u00fcn\u00fcr hale gelmesine alan a\u00e7makt\u0131r.<\/p>\t\t\t\t\t\t\t\t<\/div>\n\t\t\t\t\t<\/div>\n\t\t\t\t<\/div>\n\t\t\t\t<\/div>\n\t\t","protected":false},"excerpt":{"rendered":"<p>\ud83c\udf3f SONIA \u0130VEL\u0130K \u0130\u00e7sel D\u00f6n\u00fc\u015f\u00fcm \u2022 Fark\u0131ndal\u0131k \u2022 Bilin\u00e7alt\u0131 \u00c7al\u0131\u015fmalar\u0131 \u00a0 HAKKIMDA Ben Sonia \u00d6zlem \u0130velik. \u0130nsan\u0131n d\u00f6n\u00fc\u015f\u00fcm s\u00fcrecinin, d\u0131\u015f ko\u015fullar\u0131 de\u011fi\u015ftirmekten \u00f6nce i\u00e7sel fark\u0131ndal\u0131\u011f\u0131n geli\u015fmesiyle ba\u015flad\u0131\u011f\u0131na inan\u0131yorum. Psikoloji literat\u00fcr\u00fc de g\u00f6stermektedir ki; davran\u0131\u015flar\u0131m\u0131z\u0131n, ili\u015fkisel kal\u0131plar\u0131m\u0131z\u0131n ve duygusal tepkilerimizin \u00f6nemli &hellip; <a href=\"https:\/\/dertdinliyorum.com\/index.php\/ben-kimim\/\">Devam\u0131<\/a><\/p>\n","protected":false},"author":2,"featured_media":0,"parent":0,"menu_order":0,"comment_status":"closed","ping_status":"closed","template":"","meta":{"footnotes":""},"class_list":["post-21","page","type-page","status-publish","hentry"],"_links":{"self":[{"href":"https:\/\/dertdinliyorum.com\/index.php\/wp-json\/wp\/v2\/pages\/21","targetHints":{"allow":["GET"]}}],"collection":[{"href":"https:\/\/dertdinliyorum.com\/index.php\/wp-json\/wp\/v2\/pages"}],"about":[{"href":"https:\/\/dertdinliyorum.com\/index.php\/wp-json\/wp\/v2\/types\/page"}],"author":[{"embeddable":true,"href":"https:\/\/dertdinliyorum.com\/index.php\/wp-json\/wp\/v2\/users\/2"}],"replies":[{"embeddable":true,"href":"https:\/\/dertdinliyorum.com\/index.php\/wp-json\/wp\/v2\/comments?post=21"}],"version-history":[{"count":12,"href":"https:\/\/dertdinliyorum.com\/index.php\/wp-json\/wp\/v2\/pages\/21\/revisions"}],"predecessor-version":[{"id":981,"href":"https:\/\/dertdinliyorum.com\/index.php\/wp-json\/wp\/v2\/pages\/21\/revisions\/981"}],"wp:attachment":[{"href":"https:\/\/dertdinliyorum.com\/index.php\/wp-json\/wp\/v2\/media?parent=21"}],"curies":[{"name":"wp","href":"https:\/\/api.w.org\/{rel}","templated":true}]}}