{"id":27,"date":"2026-01-29T12:40:18","date_gmt":"2026-01-29T09:40:18","guid":{"rendered":"https:\/\/www.soniaivelik.com\/?page_id=27"},"modified":"2026-03-06T23:23:21","modified_gmt":"2026-03-06T20:23:21","slug":"iletisim","status":"publish","type":"page","link":"https:\/\/dertdinliyorum.com\/index.php\/iletisim\/","title":{"rendered":"\u0130LET\u0130\u015e\u0130M"},"content":{"rendered":"\t\t<div data-elementor-type=\"wp-page\" data-elementor-id=\"27\" class=\"elementor elementor-27\">\n\t\t\t\t<div class=\"elementor-element elementor-element-5fde425 e-con-full e-flex e-con e-parent\" data-id=\"5fde425\" data-element_type=\"container\" data-e-type=\"container\">\n\t\t\t\t<div class=\"elementor-element elementor-element-eac6654 elementor-widget elementor-widget-google_maps\" data-id=\"eac6654\" data-element_type=\"widget\" data-e-type=\"widget\" data-widget_type=\"google_maps.default\">\n\t\t\t\t\t\t\t<div class=\"elementor-custom-embed\">\n\t\t\t<iframe loading=\"lazy\"\n\t\t\t\t\tsrc=\"https:\/\/maps.google.com\/maps?q=8200%2F3%20sokak%20no1%20k.3%20d.6%20yenimahalle%20%C3%87i%C4%9Fli%20%2F%20%C4%B0zmir&#038;t=m&#038;z=14&#038;output=embed&#038;iwloc=near\"\n\t\t\t\t\ttitle=\"8200\/3 sokak no1 k.3 d.6 yenimahalle \u00c7i\u011fli \/ \u0130zmir\"\n\t\t\t\t\taria-label=\"8200\/3 sokak no1 k.3 d.6 yenimahalle \u00c7i\u011fli \/ \u0130zmir\"\n\t\t\t><\/iframe>\n\t\t<\/div>\n\t\t\t\t\t\t<\/div>\n\t\t\t\t<\/div>\n\t\t<div class=\"elementor-element elementor-element-9b3069d e-flex e-con-boxed e-con e-parent\" data-id=\"9b3069d\" data-element_type=\"container\" data-e-type=\"container\">\n\t\t\t\t\t<div class=\"e-con-inner\">\n\t\t<div class=\"elementor-element elementor-element-8e020b3 e-con-full e-flex e-con e-child\" data-id=\"8e020b3\" data-element_type=\"container\" data-e-type=\"container\">\n\t\t\t\t<div class=\"elementor-element elementor-element-4dae76e elementor-widget elementor-widget-heading\" data-id=\"4dae76e\" data-element_type=\"widget\" data-e-type=\"widget\" data-widget_type=\"heading.default\">\n\t\t\t\t\t<h2 class=\"elementor-heading-title elementor-size-default\">\u0130leti\u015fim<\/h2>\t\t\t\t<\/div>\n\t\t\t\t<div class=\"elementor-element elementor-element-e0631b4 elementor-widget elementor-widget-text-editor\" data-id=\"e0631b4\" data-element_type=\"widget\" data-e-type=\"widget\" data-widget_type=\"text-editor.default\">\n\t\t\t\t\t\t\t\t\t<div class=\"widget-2 footer-widget\"><p><img decoding=\"async\" class=\"wp-image-632 alignleft\" src=\"https:\/\/www.soniaivelik.com\/wp-content\/uploads\/2026\/02\/\u2014Pngtree\u2014whatsapp-mobile-app-icon-vector_8704828-300x300.png\" alt=\"\" width=\"33\" height=\"33\" srcset=\"https:\/\/dertdinliyorum.com\/wp-content\/uploads\/2026\/02\/\u2014Pngtree\u2014whatsapp-mobile-app-icon-vector_8704828-300x300.png 300w, https:\/\/dertdinliyorum.com\/wp-content\/uploads\/2026\/02\/\u2014Pngtree\u2014whatsapp-mobile-app-icon-vector_8704828-1024x1024.png 1024w, https:\/\/dertdinliyorum.com\/wp-content\/uploads\/2026\/02\/\u2014Pngtree\u2014whatsapp-mobile-app-icon-vector_8704828-150x150.png 150w, https:\/\/dertdinliyorum.com\/wp-content\/uploads\/2026\/02\/\u2014Pngtree\u2014whatsapp-mobile-app-icon-vector_8704828-768x768.png 768w, https:\/\/dertdinliyorum.com\/wp-content\/uploads\/2026\/02\/\u2014Pngtree\u2014whatsapp-mobile-app-icon-vector_8704828.png 1200w\" sizes=\"(max-width: 33px) 100vw, 33px\" \/><\/p><aside id=\"block-13\" class=\"widget widget_block widget_text\"><p>WhatsApp Randevu Hatt\u0131\u00a0<\/p><p><a href=\"https:\/\/wa.me\/905520080933\" data-type=\"link\" data-id=\"https:\/\/wa.me\/905520080933\">+90552 008 09 33<\/a><\/p><\/aside><\/div>\t\t\t\t\t\t\t\t<\/div>\n\t\t\t\t<div class=\"elementor-element elementor-element-2ff3965 elementor-widget elementor-widget-text-editor\" data-id=\"2ff3965\" data-element_type=\"widget\" data-e-type=\"widget\" data-widget_type=\"text-editor.default\">\n\t\t\t\t\t\t\t\t\t<div class=\"widget-2 footer-widget\"><aside id=\"block-13\" class=\"widget widget_block widget_text\"><img decoding=\"async\" class=\"wp-image-633 alignleft\" src=\"https:\/\/www.soniaivelik.com\/wp-content\/uploads\/2026\/02\/\u2014Pngtree\u2014email-icon-vector_5065641-300x300.png\" alt=\"\" width=\"31\" height=\"31\" srcset=\"https:\/\/dertdinliyorum.com\/wp-content\/uploads\/2026\/02\/\u2014Pngtree\u2014email-icon-vector_5065641-300x300.png 300w, https:\/\/dertdinliyorum.com\/wp-content\/uploads\/2026\/02\/\u2014Pngtree\u2014email-icon-vector_5065641-1024x1024.png 1024w, https:\/\/dertdinliyorum.com\/wp-content\/uploads\/2026\/02\/\u2014Pngtree\u2014email-icon-vector_5065641-150x150.png 150w, https:\/\/dertdinliyorum.com\/wp-content\/uploads\/2026\/02\/\u2014Pngtree\u2014email-icon-vector_5065641-768x768.png 768w, https:\/\/dertdinliyorum.com\/wp-content\/uploads\/2026\/02\/\u2014Pngtree\u2014email-icon-vector_5065641.png 1200w\" sizes=\"(max-width: 31px) 100vw, 31px\" \/><\/aside><\/div><p>E-Posta<\/p><p><a href=\"info@dertdinliyorum.com\">info@dertdinliyorum.com<\/a><\/p>\t\t\t\t\t\t\t\t<\/div>\n\t\t\t\t<div class=\"elementor-element elementor-element-42779d1 elementor-widget elementor-widget-text-editor\" data-id=\"42779d1\" data-element_type=\"widget\" data-e-type=\"widget\" data-widget_type=\"text-editor.default\">\n\t\t\t\t\t\t\t\t\t<div class=\"widget-2 footer-widget\"><aside id=\"block-13\" class=\"widget widget_block widget_text\"><img decoding=\"async\" class=\"wp-image-634 alignleft\" src=\"https:\/\/www.soniaivelik.com\/wp-content\/uploads\/2026\/02\/face-to-face-300x300.png\" alt=\"\" width=\"31\" height=\"31\" srcset=\"https:\/\/dertdinliyorum.com\/wp-content\/uploads\/2026\/02\/face-to-face-300x300.png 300w, https:\/\/dertdinliyorum.com\/wp-content\/uploads\/2026\/02\/face-to-face-150x150.png 150w, https:\/\/dertdinliyorum.com\/wp-content\/uploads\/2026\/02\/face-to-face.png 512w\" sizes=\"(max-width: 31px) 100vw, 31px\" \/><\/aside><\/div><div class=\"widget-4 widget-last footer-widget\"><aside id=\"block-15\" class=\"widget widget_block widget_text\"><p>Online &amp; Y\u00fcz Y\u00fcze Seans\u00a0<\/p><p>\u00a0\u0130zmir \/ T\u00fcrkiye<\/p><\/aside><\/div>\t\t\t\t\t\t\t\t<\/div>\n\t\t\t\t<\/div>\n\t\t<div class=\"elementor-element elementor-element-a7ed305 e-con-full e-flex e-con e-child\" data-id=\"a7ed305\" data-element_type=\"container\" data-e-type=\"container\">\n\t\t\t\t<div class=\"elementor-element elementor-element-5abcc3f elementor-widget elementor-widget-shortcode\" data-id=\"5abcc3f\" data-element_type=\"widget\" data-e-type=\"widget\" data-widget_type=\"shortcode.default\">\n\t\t\t\t\t\t\t<div class=\"elementor-shortcode\">\n<div class=\"wpcf7 no-js\" id=\"wpcf7-f882-o1\" lang=\"tr-TR\" dir=\"ltr\" data-wpcf7-id=\"882\">\n<div class=\"screen-reader-response\"><p role=\"status\" aria-live=\"polite\" aria-atomic=\"true\"><\/p> <ul><\/ul><\/div>\n<form action=\"\/index.php\/wp-json\/wp\/v2\/pages\/27#wpcf7-f882-o1\" method=\"post\" class=\"wpcf7-form init\" aria-label=\"\u0130leti\u015fim Formu\" novalidate=\"novalidate\" data-status=\"init\">\n<fieldset class=\"hidden-fields-container\"><input type=\"hidden\" name=\"_wpcf7\" value=\"882\" \/><input type=\"hidden\" name=\"_wpcf7_version\" value=\"6.1.5\" \/><input type=\"hidden\" name=\"_wpcf7_locale\" value=\"tr_TR\" \/><input type=\"hidden\" name=\"_wpcf7_unit_tag\" value=\"wpcf7-f882-o1\" \/><input type=\"hidden\" name=\"_wpcf7_container_post\" value=\"0\" \/><input type=\"hidden\" name=\"_wpcf7_posted_data_hash\" value=\"\" \/>\n<\/fieldset>\n<p><label> Ad\u0131n\u0131z<br \/>\n<span class=\"wpcf7-form-control-wrap\" data-name=\"your-name\"><input size=\"40\" maxlength=\"400\" class=\"wpcf7-form-control wpcf7-text wpcf7-validates-as-required\" autocomplete=\"name\" aria-required=\"true\" aria-invalid=\"false\" value=\"\" type=\"text\" name=\"your-name\" \/><\/span> <\/label>\n<\/p>\n<p><label> E-posta adresiniz<br \/>\n<span class=\"wpcf7-form-control-wrap\" data-name=\"your-email\"><input size=\"40\" maxlength=\"400\" class=\"wpcf7-form-control wpcf7-email wpcf7-validates-as-required wpcf7-text wpcf7-validates-as-email\" autocomplete=\"email\" aria-required=\"true\" aria-invalid=\"false\" value=\"\" type=\"email\" name=\"your-email\" \/><\/span> <\/label>\n<\/p>\n<p><label> Konu<br \/>\n<span class=\"wpcf7-form-control-wrap\" data-name=\"your-subject\"><input size=\"40\" maxlength=\"400\" class=\"wpcf7-form-control wpcf7-text wpcf7-validates-as-required\" aria-required=\"true\" aria-invalid=\"false\" value=\"\" type=\"text\" name=\"your-subject\" \/><\/span> <\/label>\n<\/p>\n<p><label> \u0130letiniz (tercihe ba\u011fl\u0131)<br \/>\n<span class=\"wpcf7-form-control-wrap\" data-name=\"your-message\"><textarea cols=\"40\" rows=\"10\" maxlength=\"2000\" class=\"wpcf7-form-control wpcf7-textarea\" aria-invalid=\"false\" name=\"your-message\"><\/textarea><\/span> <\/label>\n<\/p>\n<p><input class=\"wpcf7-form-control wpcf7-submit has-spinner\" type=\"submit\" value=\"G\u00f6nder\" \/>\n<\/p><div class=\"wpcf7-response-output\" aria-hidden=\"true\"><\/div>\n<\/form>\n<\/div>\n<\/div>\n\t\t\t\t\t\t<\/div>\n\t\t\t\t<\/div>\n\t\t\t\t\t<\/div>\n\t\t\t\t<\/div>\n\t\t\t\t<\/div>\n\t\t","protected":false},"excerpt":{"rendered":"<p>\u0130leti\u015fim WhatsApp Randevu Hatt\u0131\u00a0 +90552 008 09 33 E-Posta info@dertdinliyorum.com Online &amp; Y\u00fcz Y\u00fcze Seans\u00a0 \u00a0\u0130zmir \/ T\u00fcrkiye<\/p>\n","protected":false},"author":2,"featured_media":0,"parent":0,"menu_order":0,"comment_status":"closed","ping_status":"closed","template":"","meta":{"footnotes":""},"class_list":["post-27","page","type-page","status-publish","hentry"],"_links":{"self":[{"href":"https:\/\/dertdinliyorum.com\/index.php\/wp-json\/wp\/v2\/pages\/27","targetHints":{"allow":["GET"]}}],"collection":[{"href":"https:\/\/dertdinliyorum.com\/index.php\/wp-json\/wp\/v2\/pages"}],"about":[{"href":"https:\/\/dertdinliyorum.com\/index.php\/wp-json\/wp\/v2\/types\/page"}],"author":[{"embeddable":true,"href":"https:\/\/dertdinliyorum.com\/index.php\/wp-json\/wp\/v2\/users\/2"}],"replies":[{"embeddable":true,"href":"https:\/\/dertdinliyorum.com\/index.php\/wp-json\/wp\/v2\/comments?post=27"}],"version-history":[{"count":3,"href":"https:\/\/dertdinliyorum.com\/index.php\/wp-json\/wp\/v2\/pages\/27\/revisions"}],"predecessor-version":[{"id":955,"href":"https:\/\/dertdinliyorum.com\/index.php\/wp-json\/wp\/v2\/pages\/27\/revisions\/955"}],"wp:attachment":[{"href":"https:\/\/dertdinliyorum.com\/index.php\/wp-json\/wp\/v2\/media?parent=27"}],"curies":[{"name":"wp","href":"https:\/\/api.w.org\/{rel}","templated":true}]}}