{"id":889,"date":"2026-03-05T08:05:14","date_gmt":"2026-03-05T05:05:14","guid":{"rendered":"https:\/\/dertdinliyorum.com\/?post_type=product&#038;p=889"},"modified":"2026-03-12T13:36:25","modified_gmt":"2026-03-12T10:36:25","slug":"aile-dizimi-danismanligi","status":"publish","type":"product","link":"https:\/\/dertdinliyorum.com\/index.php\/urun\/aile-dizimi-danismanligi\/","title":{"rendered":"\u0130\u00c7\u0130NDEK\u0130 B\u0130LGE \u2013 G\u00dcN BOYU REHBERL\u0130K"},"content":{"rendered":"","protected":false},"excerpt":{"rendered":"<h3 data-start=\"160\" data-end=\"206\">(G\u00fcn Boyu Derin Rehberlik \u2013 11:00 \/ 18:00)<\/h3>\n<p data-start=\"208\" data-end=\"341\">Hayat bazen insan\u0131 \u00f6yle bir noktaya getirir ki\u2026<br data-start=\"255\" data-end=\"258\" \/>Ne yapaca\u011f\u0131n\u0131 bilse bile karar veremez.<br data-start=\"297\" data-end=\"300\" \/>Kalbi bir \u015fey s\u00f6yler, akl\u0131 ba\u015fka bir \u015fey.<\/p>\n<p data-start=\"343\" data-end=\"420\">\u0130\u015fte tam o anlarda insan\u0131n i\u00e7inde bir ses vard\u0131r.<br data-start=\"392\" data-end=\"395\" \/>Sessiz ama bilge bir ses.<\/p>\n<p data-start=\"422\" data-end=\"583\">\u00c7o\u011fu zaman g\u00fcnl\u00fck hayat\u0131n g\u00fcr\u00fclt\u00fcs\u00fcnde o sesi duyamay\u0131z.<br data-start=\"478\" data-end=\"481\" \/><strong data-start=\"481\" data-end=\"499\">\u0130\u00e7indeki Bilge<\/strong> \u00e7al\u0131\u015fmas\u0131, o sesi yeniden duyabilmeniz i\u00e7in haz\u0131rlanm\u0131\u015f \u00f6zel bir rehberlik g\u00fcn\u00fcd\u00fcr.<\/p>\n<p data-start=\"585\" data-end=\"779\">Bu \u00e7al\u0131\u015fma, s\u0131radan bir dan\u0131\u015fmanl\u0131k de\u011fildir.<br data-start=\"630\" data-end=\"633\" \/>Bu g\u00f6r\u00fc\u015fme, hayat\u0131n\u0131z\u0131n farkl\u0131 alanlar\u0131n\u0131 <strong data-start=\"675\" data-end=\"779\">derinlemesine konu\u015fabilece\u011finiz ve kendinizi ger\u00e7ekten ifade edebilece\u011finiz \u00f6zel bir zaman alan\u0131d\u0131r.<\/strong><\/p>\n<p data-start=\"781\" data-end=\"886\">Bu g\u00f6r\u00fc\u015fme <strong data-start=\"792\" data-end=\"832\">sabah 11:00 ile ak\u015fam 18:00 aras\u0131nda<\/strong>, g\u00fcn boyunca s\u00fcren bir sohbet ve rehberlik s\u00fcrecidir.<\/p>\n<hr data-start=\"888\" data-end=\"891\" \/>\n<h2 data-start=\"893\" data-end=\"923\">\u0130\u00e7indeki Bilge \u00e7al\u0131\u015fmas\u0131nda<\/h2>\n<p data-start=\"925\" data-end=\"979\">G\u00fcn boyunca hayat\u0131n\u0131z\u0131n farkl\u0131 alanlar\u0131na bakabiliriz:<\/p>\n<p data-start=\"981\" data-end=\"1232\">\u2022 \u0130li\u015fkiler ve duygusal s\u00fcre\u00e7ler<br data-start=\"1013\" data-end=\"1016\" \/>\u2022 Hayat\u0131n\u0131zda sizi zorlayan durumlar<br data-start=\"1052\" data-end=\"1055\" \/>\u2022 Karar vermekte zorland\u0131\u011f\u0131n\u0131z konular<br data-start=\"1093\" data-end=\"1096\" \/>\u2022 Gelecek planlar\u0131<br data-start=\"1114\" data-end=\"1117\" \/>\u2022 \u0130\u015f ve maddi konular<br data-start=\"1138\" data-end=\"1141\" \/>\u2022 Aile ili\u015fkileri<br data-start=\"1158\" data-end=\"1161\" \/>\u2022 \u0130\u00e7sel karma\u015fa ve zihinsel y\u00fckler<br data-start=\"1195\" data-end=\"1198\" \/>\u2022 Hayat\u0131n\u0131zda tekrar eden d\u00f6ng\u00fcler<\/p>\n<p data-start=\"1234\" data-end=\"1296\">Bu \u00e7al\u0131\u015fma s\u0131ras\u0131nda ama\u00e7 size haz\u0131r cevaplar vermek de\u011fildir.<\/p>\n<p data-start=\"1298\" data-end=\"1363\">Ama\u00e7, sizin <strong data-start=\"1310\" data-end=\"1363\">kendi cevaplar\u0131n\u0131za ula\u015fman\u0131za yard\u0131mc\u0131 olmakt\u0131r.<\/strong><\/p>\n<p data-start=\"1365\" data-end=\"1457\">\u00c7\u00fcnk\u00fc \u00e7o\u011fu zaman insan\u0131n arad\u0131\u011f\u0131 cevaplar bir ba\u015fkas\u0131nda de\u011fil\u2026<br data-start=\"1428\" data-end=\"1431\" \/><strong data-start=\"1431\" data-end=\"1457\">kendi i\u00e7inde sakl\u0131d\u0131r.<\/strong><\/p>\n<hr data-start=\"1459\" data-end=\"1462\" \/>\n<h2 data-start=\"1464\" data-end=\"1491\">Bu \u00e7al\u0131\u015fma neden farkl\u0131?<\/h2>\n<p data-start=\"1493\" data-end=\"1616\">\u00c7\u00fcnk\u00fc bu g\u00f6r\u00fc\u015fme k\u0131sa bir sohbet de\u011fildir.<br data-start=\"1535\" data-end=\"1538\" \/>Bu g\u00f6r\u00fc\u015fme, zaman bask\u0131s\u0131 olmadan konu\u015fabilece\u011finiz bir <strong data-start=\"1594\" data-end=\"1616\">rehberlik g\u00fcn\u00fcd\u00fcr.<\/strong><\/p>\n<p data-start=\"1618\" data-end=\"1722\">Bazen insan\u0131n hayat\u0131ndaki en b\u00fcy\u00fck d\u00f6n\u00fc\u015f\u00fcm,<br data-start=\"1661\" data-end=\"1664\" \/>birka\u00e7 c\u00fcmleyle de\u011fil\u2026<br data-start=\"1686\" data-end=\"1689\" \/><strong data-start=\"1689\" data-end=\"1722\">derin bir konu\u015fma ile ba\u015flar.<\/strong><\/p>\n<p data-start=\"1724\" data-end=\"1747\">G\u00fcn boyunca konu\u015furken:<\/p>\n<ul data-start=\"1749\" data-end=\"1850\">\n<li data-start=\"1749\" data-end=\"1774\">\n<p data-start=\"1751\" data-end=\"1774\">baz\u0131 konular netle\u015fir<\/p>\n<\/li>\n<li data-start=\"1775\" data-end=\"1803\">\n<p data-start=\"1777\" data-end=\"1803\">baz\u0131 sorular cevap bulur<\/p>\n<\/li>\n<li data-start=\"1804\" data-end=\"1828\">\n<p data-start=\"1806\" data-end=\"1828\">baz\u0131 y\u00fckler hafifler<\/p>\n<\/li>\n<li data-start=\"1829\" data-end=\"1850\">\n<p data-start=\"1831\" data-end=\"1850\">baz\u0131 kap\u0131lar a\u00e7\u0131l\u0131r<\/p>\n<\/li>\n<\/ul>\n<p data-start=\"1852\" data-end=\"1906\">Ve \u00e7o\u011fu zaman insan g\u00f6r\u00fc\u015fmenin sonunda \u015funu fark eder:<\/p>\n<p data-start=\"1908\" data-end=\"1940\"><strong data-start=\"1908\" data-end=\"1940\">Cevap asl\u0131nda hep i\u00e7indeydi.<\/strong><\/p>\n<hr data-start=\"1942\" data-end=\"1945\" \/>\n<h2 data-start=\"1947\" data-end=\"1958\">Gizlilik<\/h2>\n<p data-start=\"1960\" data-end=\"2102\">\u0130\u00e7indeki Bilge \u00e7al\u0131\u015fmas\u0131nda payla\u015f\u0131lan her \u015fey <strong data-start=\"2007\" data-end=\"2039\">tamamen gizli ve \u00f6zel kal\u0131r.<\/strong><br data-start=\"2039\" data-end=\"2042\" \/>Burada konu\u015fulanlar yaln\u0131zca sizinle bu alan aras\u0131nda kal\u0131r.<\/p>\n<hr data-start=\"2104\" data-end=\"2107\" \/>\n<h2 data-start=\"2109\" data-end=\"2135\">Bu \u00e7al\u0131\u015fma kimler i\u00e7in?<\/h2>\n<p data-start=\"2137\" data-end=\"2357\">\u2022 Hayat\u0131nda \u00f6nemli kararlar almak isteyenler<br data-start=\"2181\" data-end=\"2184\" \/>\u2022 \u0130\u00e7 d\u00fcnyas\u0131n\u0131 anlamak isteyenler<br data-start=\"2217\" data-end=\"2220\" \/>\u2022 Kendini daha iyi tan\u0131mak isteyenler<br data-start=\"2257\" data-end=\"2260\" \/>\u2022 Hayat\u0131ndaki konular\u0131 derinlemesine konu\u015fmak isteyenler<br data-start=\"2316\" data-end=\"2319\" \/>\u2022 \u0130\u00e7 sesini daha net duymak isteyenler<\/p>\n<hr data-start=\"2359\" data-end=\"2362\" \/>\n<p data-start=\"2364\" data-end=\"2460\">Bazen insan\u0131n ihtiyac\u0131 olan \u015fey bir tavsiye de\u011fil\u2026<br data-start=\"2414\" data-end=\"2417\" \/><strong data-start=\"2417\" data-end=\"2460\">kendi i\u00e7indeki bilgeli\u011fi hat\u0131rlamakt\u0131r.<\/strong><\/p>\n<p data-start=\"2462\" data-end=\"2513\">\u0130\u00e7indeki Bilge \u00e7al\u0131\u015fmas\u0131, tam olarak bu alan\u0131 a\u00e7ar.<\/p>\n<p data-start=\"508\" data-end=\"705\"><strong data-start=\"508\" data-end=\"526\">Bilgilendirme:<\/strong> \u0130\u00e7indeki Bilge g\u00f6r\u00fc\u015fmesi 11:00 \u2013 18:00 saatleri aras\u0131nda ger\u00e7ekle\u015fmektedir. G\u00f6r\u00fc\u015fme s\u00fcresi boyunca olu\u015fabilecek <strong data-start=\"639\" data-end=\"705\">yemek ve ula\u015f\u0131m giderleri dan\u0131\u015fan taraf\u0131ndan kar\u015f\u0131lanmaktad\u0131r.<\/strong><\/p>\n","protected":false},"featured_media":968,"comment_status":"closed","ping_status":"closed","template":"","meta":[],"product_brand":[],"product_cat":[18],"product_tag":[],"class_list":{"0":"post-889","1":"product","2":"type-product","3":"status-publish","4":"has-post-thumbnail","6":"product_cat-danismanlik","8":"first","9":"instock","10":"sale","11":"shipping-taxable","12":"product-type-external"},"_links":{"self":[{"href":"https:\/\/dertdinliyorum.com\/index.php\/wp-json\/wp\/v2\/product\/889","targetHints":{"allow":["GET"]}}],"collection":[{"href":"https:\/\/dertdinliyorum.com\/index.php\/wp-json\/wp\/v2\/product"}],"about":[{"href":"https:\/\/dertdinliyorum.com\/index.php\/wp-json\/wp\/v2\/types\/product"}],"replies":[{"embeddable":true,"href":"https:\/\/dertdinliyorum.com\/index.php\/wp-json\/wp\/v2\/comments?post=889"}],"wp:featuredmedia":[{"embeddable":true,"href":"https:\/\/dertdinliyorum.com\/index.php\/wp-json\/wp\/v2\/media\/968"}],"wp:attachment":[{"href":"https:\/\/dertdinliyorum.com\/index.php\/wp-json\/wp\/v2\/media?parent=889"}],"wp:term":[{"taxonomy":"product_brand","embeddable":true,"href":"https:\/\/dertdinliyorum.com\/index.php\/wp-json\/wp\/v2\/product_brand?post=889"},{"taxonomy":"product_cat","embeddable":true,"href":"https:\/\/dertdinliyorum.com\/index.php\/wp-json\/wp\/v2\/product_cat?post=889"},{"taxonomy":"product_tag","embeddable":true,"href":"https:\/\/dertdinliyorum.com\/index.php\/wp-json\/wp\/v2\/product_tag?post=889"}],"curies":[{"name":"wp","href":"https:\/\/api.w.org\/{rel}","templated":true}]}}