{"id":894,"date":"2026-03-05T08:05:14","date_gmt":"2026-03-05T05:05:14","guid":{"rendered":"https:\/\/dertdinliyorum.com\/?post_type=product&#038;p=894"},"modified":"2026-03-11T17:17:52","modified_gmt":"2026-03-11T14:17:52","slug":"anne-karni-sifasi","status":"publish","type":"product","link":"https:\/\/dertdinliyorum.com\/index.php\/urun\/anne-karni-sifasi\/","title":{"rendered":"SIR SANDI\u011eI \u2013 30 DAK\u0130KA"},"content":{"rendered":"","protected":false},"excerpt":{"rendered":"<h2 data-start=\"168\" data-end=\"184\">SIR SANDI\u011eI<\/h2>\n<h3 data-start=\"185\" data-end=\"234\">(30 Dakika \u2013 Dert Dinleme &amp; Ruhsal Rahatlama)<\/h3>\n<p data-start=\"236\" data-end=\"361\">Bazen insan\u0131n i\u00e7inde birikenler o kadar a\u011f\u0131rla\u015f\u0131r ki\u2026<br data-start=\"289\" data-end=\"292\" \/>Ne arkada\u015f\u0131na anlatabilir, ne ailesine, ne de \u00e7evresindeki insanlara.<\/p>\n<p data-start=\"363\" data-end=\"480\">S\u00f6ylenemeyen s\u00f6zler, payla\u015f\u0131lmayan duygular ve kalpte biriken y\u00fckler zamanla insan\u0131n enerjisini de ruhunu da etkiler.<\/p>\n<p data-start=\"482\" data-end=\"526\">\u0130\u015fte <strong data-start=\"487\" data-end=\"502\">S\u0131r Sand\u0131\u011f\u0131<\/strong>, tam da bunun i\u00e7in var.<\/p>\n<p data-start=\"528\" data-end=\"739\">Bu \u00f6zel g\u00f6r\u00fc\u015fmede sizi <strong data-start=\"551\" data-end=\"632\">30 dakika boyunca tamamen yarg\u0131s\u0131z, samimi ve g\u00fcvenli bir ortamda dinliyoruz.<\/strong><br data-start=\"632\" data-end=\"635\" \/>Buras\u0131 sadece konu\u015fabilece\u011finiz bir alan de\u011fil; ayn\u0131 zamanda i\u00e7 d\u00fcnyan\u0131z\u0131 rahatlatabilece\u011finiz bir alan.<\/p>\n<p data-start=\"741\" data-end=\"826\">Bazen insan\u0131n ihtiyac\u0131 olan \u015fey bir \u00e7\u00f6z\u00fcm de\u011fil\u2026<br data-start=\"789\" data-end=\"792\" \/><strong data-start=\"792\" data-end=\"826\">Sadece ger\u00e7ekten dinlenmektir.<\/strong><\/p>\n<h3 data-start=\"828\" data-end=\"856\">S\u0131r Sand\u0131\u011f\u0131 g\u00f6r\u00fc\u015fmesinde<\/h3>\n<p data-start=\"858\" data-end=\"1104\">\u2022 \u0130\u00e7inizde birikenleri anlatabilirsiniz<br data-start=\"897\" data-end=\"900\" \/>\u2022 Ya\u015fad\u0131\u011f\u0131n\u0131z ili\u015fkileri konu\u015fabilirsiniz<br data-start=\"941\" data-end=\"944\" \/>\u2022 Kalbinizde kalan s\u00f6zleri payla\u015fabilirsiniz<br data-start=\"988\" data-end=\"991\" \/>\u2022 Hayat\u0131n\u0131zda sizi zorlayan konular\u0131 dile getirebilirsiniz<br data-start=\"1049\" data-end=\"1052\" \/>\u2022 Sizi ger\u00e7ekten dinleyen birine sahip olabilirsiniz<\/p>\n<p data-start=\"1106\" data-end=\"1176\">Burada kimse sizi yarg\u0131lamaz.<br data-start=\"1135\" data-end=\"1138\" \/>Kimse size \u201cneden b\u00f6yle yapt\u0131n\u201d demez.<\/p>\n<p data-start=\"1178\" data-end=\"1228\">Sadece <strong data-start=\"1185\" data-end=\"1228\">sizi anlamaya \u00e7al\u0131\u015fan bir kulak vard\u0131r.<\/strong><\/p>\n<p data-start=\"1230\" data-end=\"1339\">Bazen bir insan\u0131n i\u00e7ini d\u00f6kmesi,<br data-start=\"1262\" data-end=\"1265\" \/>g\u00fcnlerce hatta aylarca ta\u015f\u0131d\u0131\u011f\u0131 bir y\u00fckten kurtulmas\u0131na yard\u0131mc\u0131 olabilir.<\/p>\n<h3 data-start=\"1341\" data-end=\"1363\">Neden S\u0131r Sand\u0131\u011f\u0131?<\/h3>\n<p data-start=\"1365\" data-end=\"1405\">\u00c7\u00fcnk\u00fc herkes her \u015feyi herkese anlatamaz.<\/p>\n<p data-start=\"1407\" data-end=\"1480\">Baz\u0131 s\u0131rlar vard\u0131r\u2026<br data-start=\"1426\" data-end=\"1429\" \/>Baz\u0131 duygular vard\u0131r\u2026<br data-start=\"1450\" data-end=\"1453\" \/>Baz\u0131 ya\u015fanm\u0131\u015fl\u0131klar vard\u0131r\u2026<\/p>\n<p data-start=\"1482\" data-end=\"1526\">Sadece <strong data-start=\"1489\" data-end=\"1526\">g\u00fcvenli bir yerde payla\u015f\u0131labilir.<\/strong><\/p>\n<p data-start=\"1528\" data-end=\"1569\">S\u0131r Sand\u0131\u011f\u0131, tam olarak bu y\u00fczden vard\u0131r.<\/p>\n<p data-start=\"1571\" data-end=\"1678\">Burada payla\u015f\u0131lan her \u015fey <strong data-start=\"1597\" data-end=\"1621\">tamamen gizli kal\u0131r.<\/strong><br data-start=\"1621\" data-end=\"1624\" \/>Konu\u015fulanlar yaln\u0131zca sizin ve bu alan\u0131n i\u00e7inde kal\u0131r.<\/p>\n<h3 data-start=\"1680\" data-end=\"1722\">Bazen insan\u0131n ihtiyac\u0131 olan \u015fey \u015fudur:<\/h3>\n<p data-start=\"1724\" data-end=\"1752\">Birinin ger\u00e7ekten dinlemesi.<\/p>\n<p data-start=\"1754\" data-end=\"1826\">Hi\u00e7 s\u00f6z\u00fcn\u00fcz\u00fc kesmeden\u2026<br data-start=\"1776\" data-end=\"1779\" \/>Hi\u00e7 sizi yarg\u0131lamadan\u2026<br data-start=\"1801\" data-end=\"1804\" \/>Hi\u00e7 sizi k\u00fc\u00e7\u00fcmsemeden\u2026<\/p>\n<p data-start=\"1828\" data-end=\"1860\">Sadece <strong data-start=\"1835\" data-end=\"1860\">insan gibi dinlemesi.<\/strong><\/p>\n<p data-start=\"1862\" data-end=\"1946\">E\u011fer i\u00e7inizde birikenleri art\u0131k ta\u015f\u0131mak istemiyorsan\u0131z,<br data-start=\"1917\" data-end=\"1920\" \/>S\u0131r Sand\u0131\u011f\u0131 sizi bekliyor.<\/p>\n<h1 data-start=\"1490\" data-end=\"1500\">Gizlilik<\/h1>\n<p data-start=\"1502\" data-end=\"1686\">S\u0131r Sand\u0131\u011f\u0131 ad\u0131ndan da anla\u015f\u0131laca\u011f\u0131 gibi, burada payla\u015f\u0131lan her \u015fey <strong data-start=\"1570\" data-end=\"1594\">tamamen gizli kal\u0131r.<\/strong><br data-start=\"1594\" data-end=\"1597\" \/>Bu g\u00f6r\u00fc\u015fme yaln\u0131zca sizin i\u00e7 d\u00fcnyan\u0131z\u0131 rahatlatman\u0131z ve payla\u015fman\u0131z i\u00e7in olu\u015fturulmu\u015ftur.<\/p>\n","protected":false},"featured_media":969,"comment_status":"closed","ping_status":"closed","template":"","meta":[],"product_brand":[],"product_cat":[18],"product_tag":[],"class_list":{"0":"post-894","1":"product","2":"type-product","3":"status-publish","4":"has-post-thumbnail","6":"product_cat-danismanlik","8":"first","9":"instock","10":"sale","11":"shipping-taxable","12":"product-type-external"},"_links":{"self":[{"href":"https:\/\/dertdinliyorum.com\/index.php\/wp-json\/wp\/v2\/product\/894","targetHints":{"allow":["GET"]}}],"collection":[{"href":"https:\/\/dertdinliyorum.com\/index.php\/wp-json\/wp\/v2\/product"}],"about":[{"href":"https:\/\/dertdinliyorum.com\/index.php\/wp-json\/wp\/v2\/types\/product"}],"replies":[{"embeddable":true,"href":"https:\/\/dertdinliyorum.com\/index.php\/wp-json\/wp\/v2\/comments?post=894"}],"wp:featuredmedia":[{"embeddable":true,"href":"https:\/\/dertdinliyorum.com\/index.php\/wp-json\/wp\/v2\/media\/969"}],"wp:attachment":[{"href":"https:\/\/dertdinliyorum.com\/index.php\/wp-json\/wp\/v2\/media?parent=894"}],"wp:term":[{"taxonomy":"product_brand","embeddable":true,"href":"https:\/\/dertdinliyorum.com\/index.php\/wp-json\/wp\/v2\/product_brand?post=894"},{"taxonomy":"product_cat","embeddable":true,"href":"https:\/\/dertdinliyorum.com\/index.php\/wp-json\/wp\/v2\/product_cat?post=894"},{"taxonomy":"product_tag","embeddable":true,"href":"https:\/\/dertdinliyorum.com\/index.php\/wp-json\/wp\/v2\/product_tag?post=894"}],"curies":[{"name":"wp","href":"https:\/\/api.w.org\/{rel}","templated":true}]}}