{"id":895,"date":"2026-03-05T08:05:14","date_gmt":"2026-03-05T05:05:14","guid":{"rendered":"https:\/\/dertdinliyorum.com\/?post_type=product&#038;p=895"},"modified":"2026-03-11T17:20:24","modified_gmt":"2026-03-11T14:20:24","slug":"7-soy-atabag-sifa-seansi","status":"publish","type":"product","link":"https:\/\/dertdinliyorum.com\/index.php\/urun\/7-soy-atabag-sifa-seansi\/","title":{"rendered":"RUH AYNASI \u2013 1 SAAT"},"content":{"rendered":"","protected":false},"excerpt":{"rendered":"<h3 data-start=\"197\" data-end=\"245\">(1 Saatlik Derin Sohbet &amp; \u0130\u00e7sel Fark\u0131ndal\u0131k)<\/h3>\n<p data-start=\"247\" data-end=\"459\">Bazen insan\u0131n hayat\u0131nda \u00f6yle d\u00f6nemler olur ki, zihninde ve kalbinde biriken d\u00fc\u015f\u00fcnceler a\u011f\u0131rla\u015fmaya ba\u015flar. S\u00f6ylenemeyen s\u00f6zler, anlat\u0131lamayan duygular ve i\u00e7 d\u00fcnyada d\u00f6nen sorular insan\u0131n enerjisini etkileyebilir.<\/p>\n<p data-start=\"461\" data-end=\"678\"><strong data-start=\"461\" data-end=\"475\">Ruh Aynas\u0131<\/strong>, tam da bu noktada ortaya \u00e7\u0131kan bir alan\u0131d\u0131r.<br data-start=\"521\" data-end=\"524\" \/>Bu g\u00f6r\u00fc\u015fme, kendinizi ifade edebilece\u011finiz, hayat\u0131n\u0131zdaki konular\u0131 daha net g\u00f6rebilece\u011finiz ve i\u00e7 d\u00fcnyan\u0131zla ba\u011flant\u0131 kurabilece\u011finiz bir sohbet alan\u0131d\u0131r.<\/p>\n<p data-start=\"680\" data-end=\"761\">Bu \u00e7al\u0131\u015fmada sizi <strong data-start=\"698\" data-end=\"761\">1 saat boyunca dikkatle ve yarg\u0131s\u0131z bir \u015fekilde dinliyoruz.<\/strong><\/p>\n<p data-start=\"763\" data-end=\"897\">Bazen insan\u0131n ihtiyac\u0131 olan \u015fey sadece konu\u015fmak de\u011fildir.<br data-start=\"820\" data-end=\"823\" \/>Ayn\u0131 zamanda <strong data-start=\"836\" data-end=\"897\">kendini daha net g\u00f6rmek ve i\u00e7indeki duygular\u0131 anlamakt\u0131r.<\/strong><\/p>\n<h3 data-start=\"899\" data-end=\"933\">Ruh Aynas\u0131 g\u00f6r\u00fc\u015fmesi s\u0131ras\u0131nda<\/h3>\n<p data-start=\"935\" data-end=\"1003\">Bu g\u00f6r\u00fc\u015fme s\u0131ras\u0131nda hayat\u0131n\u0131z\u0131n farkl\u0131 alanlar\u0131n\u0131 konu\u015fabilirsiniz:<\/p>\n<p data-start=\"1005\" data-end=\"1259\">\u2022 \u0130li\u015fkiler ve duygusal s\u00fcre\u00e7ler<br data-start=\"1037\" data-end=\"1040\" \/>\u2022 Hayat\u0131n\u0131zda sizi zorlayan durumlar<br data-start=\"1076\" data-end=\"1079\" \/>\u2022 \u0130\u00e7sel karma\u015fa ve d\u00fc\u015f\u00fcnceler<br data-start=\"1108\" data-end=\"1111\" \/>\u2022 Karar vermekte zorland\u0131\u011f\u0131n\u0131z konular<br data-start=\"1149\" data-end=\"1152\" \/>\u2022 Aile, i\u015f veya ki\u015fisel ya\u015famla ilgili ya\u015fad\u0131klar\u0131n\u0131z<br data-start=\"1205\" data-end=\"1208\" \/>\u2022 Kendinizle ilgili fark etmek istedi\u011finiz noktalar<\/p>\n<p data-start=\"1261\" data-end=\"1423\">Bazen insan konu\u015furken kendi hayat\u0131n\u0131 farkl\u0131 bir a\u00e7\u0131dan g\u00f6rmeye ba\u015flar.<br data-start=\"1332\" data-end=\"1335\" \/>Bazen de bir konu hakk\u0131nda konu\u015fmak, zihindeki d\u00fc\u011f\u00fcmlerin \u00e7\u00f6z\u00fclmesine yard\u0131mc\u0131 olabilir.<\/p>\n<h3 data-start=\"1425\" data-end=\"1450\">Ruh Aynas\u0131 ne sa\u011flar?<\/h3>\n<p data-start=\"1452\" data-end=\"1594\">Bu g\u00f6r\u00fc\u015fmenin amac\u0131 size \u00e7\u00f6z\u00fcm dayatmak de\u011fildir.<br data-start=\"1501\" data-end=\"1504\" \/>Ama\u00e7, hayat\u0131n\u0131zdaki konulara <strong data-start=\"1533\" data-end=\"1594\">farkl\u0131 bir perspektiften bakabilmenize yard\u0131mc\u0131 olmakt\u0131r.<\/strong><\/p>\n<p data-start=\"1596\" data-end=\"1713\">Konu\u015fmak bazen insan\u0131n i\u00e7inde ta\u015f\u0131d\u0131\u011f\u0131 y\u00fck\u00fc hafifletir.<br data-start=\"1651\" data-end=\"1654\" \/>Bazen de insan\u0131n kendi i\u00e7 sesini daha net duymas\u0131n\u0131 sa\u011flar.<\/p>\n<p data-start=\"1715\" data-end=\"1832\">Ruh Aynas\u0131, ad\u0131ndan da anla\u015f\u0131laca\u011f\u0131 gibi, insan\u0131n <strong data-start=\"1765\" data-end=\"1832\">kendi i\u00e7 d\u00fcnyas\u0131n\u0131 g\u00f6rmesine yard\u0131mc\u0131 olan bir sohbet alan\u0131d\u0131r.<\/strong><\/p>\n<h3 data-start=\"1834\" data-end=\"1859\">Kimler i\u00e7in uygundur?<\/h3>\n<p data-start=\"1861\" data-end=\"2064\">\u2022 \u0130\u00e7ini d\u00f6kmek isteyenler<br data-start=\"1886\" data-end=\"1889\" \/>\u2022 Hayat\u0131nda baz\u0131 konular\u0131 konu\u015fma ihtiyac\u0131 duyanlar<br data-start=\"1940\" data-end=\"1943\" \/>\u2022 Kendini daha iyi anlamak isteyenler<br data-start=\"1980\" data-end=\"1983\" \/>\u2022 Yarg\u0131lanmadan dinlenmek isteyenler<br data-start=\"2019\" data-end=\"2022\" \/>\u2022 \u0130\u00e7sel fark\u0131ndal\u0131\u011f\u0131n\u0131 art\u0131rmak isteyenler<\/p>\n<h3 data-start=\"2066\" data-end=\"2078\">Gizlilik<\/h3>\n<p data-start=\"2080\" data-end=\"2221\">Ruh Aynas\u0131 g\u00f6r\u00fc\u015fmesinde payla\u015f\u0131lan her \u015fey <strong data-start=\"2123\" data-end=\"2155\">tamamen gizli ve \u00f6zel kal\u0131r.<\/strong><br data-start=\"2155\" data-end=\"2158\" \/>Burada konu\u015fulanlar yaln\u0131zca sizinle bu g\u00f6r\u00fc\u015fme aras\u0131nda kal\u0131r.<\/p>\n<p data-start=\"2228\" data-end=\"2343\">Bazen insan\u0131n ihtiyac\u0131 olan \u015fey bir \u00e7\u00f6z\u00fcm de\u011fil\u2026<br data-start=\"2276\" data-end=\"2279\" \/><strong data-start=\"2279\" data-end=\"2343\">sadece kendini ifade edebilece\u011fi g\u00fcvenli bir alan bulmakt\u0131r.<\/strong><\/p>\n<p data-start=\"2345\" data-end=\"2383\">Ruh Aynas\u0131, tam olarak bu alan\u0131 sunar.<\/p>\n","protected":false},"featured_media":967,"comment_status":"closed","ping_status":"closed","template":"","meta":[],"product_brand":[],"product_cat":[18],"product_tag":[],"class_list":{"0":"post-895","1":"product","2":"type-product","3":"status-publish","4":"has-post-thumbnail","6":"product_cat-danismanlik","8":"first","9":"instock","10":"sale","11":"shipping-taxable","12":"product-type-external"},"_links":{"self":[{"href":"https:\/\/dertdinliyorum.com\/index.php\/wp-json\/wp\/v2\/product\/895","targetHints":{"allow":["GET"]}}],"collection":[{"href":"https:\/\/dertdinliyorum.com\/index.php\/wp-json\/wp\/v2\/product"}],"about":[{"href":"https:\/\/dertdinliyorum.com\/index.php\/wp-json\/wp\/v2\/types\/product"}],"replies":[{"embeddable":true,"href":"https:\/\/dertdinliyorum.com\/index.php\/wp-json\/wp\/v2\/comments?post=895"}],"wp:featuredmedia":[{"embeddable":true,"href":"https:\/\/dertdinliyorum.com\/index.php\/wp-json\/wp\/v2\/media\/967"}],"wp:attachment":[{"href":"https:\/\/dertdinliyorum.com\/index.php\/wp-json\/wp\/v2\/media?parent=895"}],"wp:term":[{"taxonomy":"product_brand","embeddable":true,"href":"https:\/\/dertdinliyorum.com\/index.php\/wp-json\/wp\/v2\/product_brand?post=895"},{"taxonomy":"product_cat","embeddable":true,"href":"https:\/\/dertdinliyorum.com\/index.php\/wp-json\/wp\/v2\/product_cat?post=895"},{"taxonomy":"product_tag","embeddable":true,"href":"https:\/\/dertdinliyorum.com\/index.php\/wp-json\/wp\/v2\/product_tag?post=895"}],"curies":[{"name":"wp","href":"https:\/\/api.w.org\/{rel}","templated":true}]}}