{"id":909,"date":"2026-03-05T08:05:15","date_gmt":"2026-03-05T05:05:15","guid":{"rendered":"https:\/\/dertdinliyorum.com\/?post_type=product&#038;p=909"},"modified":"2026-03-11T17:56:28","modified_gmt":"2026-03-11T14:56:28","slug":"kaynanator-ve-caki-gelin","status":"publish","type":"product","link":"https:\/\/dertdinliyorum.com\/index.php\/urun\/kaynanator-ve-caki-gelin\/","title":{"rendered":"KAYNANAT\u00d6R VE \u00c7AK\u0130 GEL\u0130N"},"content":{"rendered":"","protected":false},"excerpt":{"rendered":"<ul>\n<li data-start=\"730\" data-end=\"760\">\n<p data-start=\"732\" data-end=\"760\"><a href=\"https:\/\/play.google.com\/store\/books\/details\/KAYNANAT%C3%96R_ve_%C3%87AK%C4%B0_GEL%C4%B0N_Bu_kitab%C4%B1_yazmama_ilham_v?id=ZKj-CAAAQBAJ&amp;hl=tr&amp;ysclid=mm6ukhec2u584264096\"><img decoding=\"async\" class=\"emoji\" role=\"img\" draggable=\"false\" src=\"https:\/\/s.w.org\/images\/core\/emoji\/17.0.2\/svg\/1f4f1.svg\" alt=\"\ud83d\udcf1\" \/>\u00a0Google Play\u2019de Sat\u0131n Al<\/a><\/p>\n<\/li>\n<li data-start=\"761\" data-end=\"791\">\n<p data-start=\"763\" data-end=\"791\"><img decoding=\"async\" class=\"emoji\" role=\"img\" draggable=\"false\" src=\"https:\/\/s.w.org\/images\/core\/emoji\/17.0.2\/svg\/1f34e.svg\" alt=\"\ud83c\udf4e\" \/>\u00a0Apple Books\u2019ta Sat\u0131n Al<\/p>\n<\/li>\n<li data-start=\"792\" data-end=\"817\">\n<p data-start=\"794\" data-end=\"817\"><img decoding=\"async\" class=\"emoji\" role=\"img\" draggable=\"false\" src=\"https:\/\/s.w.org\/images\/core\/emoji\/17.0.2\/svg\/1f6d2.svg\" alt=\"\ud83d\uded2\" \/>\u00a0Amazon\u2019da Sat\u0131n Al<\/p>\n<\/li>\n<\/ul>\n<p>&nbsp;<\/p>\n<p>Bu kitab\u0131 yazmama ilham veren Eski Kaynanama te\u015fekk\u00fcrler \ud83d\ude42<\/p>\n<p>\u201cKaynanat\u00f6r ve \u00c7aki Gelin\u201d, iki perdelik, y\u00fcksek tempolu bir komedi oyunudur. Aile i\u00e7i \u00e7at\u0131\u015fmalar\u0131 mizahi bir dille sahneye ta\u015f\u0131yan eser, dinamik diyaloglar\u0131 ve g\u00fc\u00e7l\u00fc karakter yap\u0131s\u0131yla tiyatro topluluklar\u0131 i\u00e7in sahnelenebilir bir metin sunar. Orta \u00f6l\u00e7ekli dekorla oynanabilir ve farkl\u0131 sahne yap\u0131lar\u0131 i\u00e7in uyarlanabilir.\u201d<\/p>\n<p>Her bir kad\u0131n ya kaynana ya da gelindir. Ya da ikisi birden. Burada yaz\u0131lanlar anonim olaylar\u0131n birle\u015ftirilmi\u015f halidir. Gelinlere ve kaynanalara \u015fimdiden ge\u00e7mi\u015f olsun. Bir t\u00fcr ske\u00e7lerin birle\u015ftirilmi\u015f T\u0130YATRO oyunudur. Yorum sizlere ait \ud83d\ude42<\/p>\n","protected":false},"featured_media":974,"comment_status":"closed","ping_status":"closed","template":"","meta":[],"product_brand":[],"product_cat":[21],"product_tag":[],"class_list":{"0":"post-909","1":"product","2":"type-product","3":"status-publish","4":"has-post-thumbnail","6":"product_cat-kitaplarim","8":"first","9":"instock","10":"shipping-taxable","11":"product-type-external"},"_links":{"self":[{"href":"https:\/\/dertdinliyorum.com\/index.php\/wp-json\/wp\/v2\/product\/909","targetHints":{"allow":["GET"]}}],"collection":[{"href":"https:\/\/dertdinliyorum.com\/index.php\/wp-json\/wp\/v2\/product"}],"about":[{"href":"https:\/\/dertdinliyorum.com\/index.php\/wp-json\/wp\/v2\/types\/product"}],"replies":[{"embeddable":true,"href":"https:\/\/dertdinliyorum.com\/index.php\/wp-json\/wp\/v2\/comments?post=909"}],"wp:featuredmedia":[{"embeddable":true,"href":"https:\/\/dertdinliyorum.com\/index.php\/wp-json\/wp\/v2\/media\/974"}],"wp:attachment":[{"href":"https:\/\/dertdinliyorum.com\/index.php\/wp-json\/wp\/v2\/media?parent=909"}],"wp:term":[{"taxonomy":"product_brand","embeddable":true,"href":"https:\/\/dertdinliyorum.com\/index.php\/wp-json\/wp\/v2\/product_brand?post=909"},{"taxonomy":"product_cat","embeddable":true,"href":"https:\/\/dertdinliyorum.com\/index.php\/wp-json\/wp\/v2\/product_cat?post=909"},{"taxonomy":"product_tag","embeddable":true,"href":"https:\/\/dertdinliyorum.com\/index.php\/wp-json\/wp\/v2\/product_tag?post=909"}],"curies":[{"name":"wp","href":"https:\/\/api.w.org\/{rel}","templated":true}]}}