{"id":910,"date":"2026-03-05T08:05:15","date_gmt":"2026-03-05T05:05:15","guid":{"rendered":"https:\/\/dertdinliyorum.com\/?post_type=product&#038;p=910"},"modified":"2026-03-11T17:55:02","modified_gmt":"2026-03-11T14:55:02","slug":"animist-dinler","status":"publish","type":"product","link":"https:\/\/dertdinliyorum.com\/index.php\/urun\/animist-dinler\/","title":{"rendered":"AN\u0130M\u0130ST D\u0130NLER"},"content":{"rendered":"","protected":false},"excerpt":{"rendered":"<h2 data-section-id=\"hxgnjs\" data-start=\"80\" data-end=\"97\">Animist Dinler<\/h2>\n<p data-start=\"99\" data-end=\"414\">\u0130nsanl\u0131k tarihinin en eski inan\u00e7 sistemlerinden biri olan <strong data-start=\"157\" data-end=\"168\">animizm<\/strong>, do\u011fadaki her varl\u0131\u011f\u0131n bir ruhu oldu\u011funa inan\u0131r. A\u011fa\u00e7lar\u0131n, da\u011flar\u0131n, hayvanlar\u0131n, r\u00fczg\u00e2r\u0131n ve hatta ta\u015flar\u0131n bile bir bilinci ve enerjisi vard\u0131r. Bu kitap, kadim toplumlar\u0131n do\u011fa ile kurdu\u011fu bu derin ba\u011f\u0131 anlamak isteyenler i\u00e7in haz\u0131rlanm\u0131\u015ft\u0131r.<\/p>\n<p data-start=\"416\" data-end=\"700\"><strong data-start=\"416\" data-end=\"434\">Animist Dinler<\/strong>, farkl\u0131 k\u00fclt\u00fcrlerdeki animist gelenekleri, rit\u00fcelleri ve spirit\u00fcel anlay\u0131\u015flar\u0131 sade ve anla\u015f\u0131l\u0131r bir dille ele al\u0131r. Afrika\u2019dan Amerika yerlilerine, Sibirya \u015famanlar\u0131ndan Okyanusya k\u00fclt\u00fcrlerine kadar bir\u00e7ok toplumun do\u011fa ile kurdu\u011fu ruhsal ili\u015fkiyi ke\u015ffedeceksiniz.<\/p>\n<p data-start=\"702\" data-end=\"720\">Bu kitapta ayr\u0131ca:<\/p>\n<ul data-start=\"722\" data-end=\"954\">\n<li data-section-id=\"1wpkrxk\" data-start=\"722\" data-end=\"771\">\n<p data-start=\"724\" data-end=\"771\">Animist inan\u00e7 sistemlerinin temel prensipleri<\/p>\n<\/li>\n<li data-section-id=\"1coitar\" data-start=\"772\" data-end=\"811\">\n<p data-start=\"774\" data-end=\"811\">Do\u011fa ruhlar\u0131 ve spirit\u00fcel varl\u0131klar<\/p>\n<\/li>\n<li data-section-id=\"fvagnl\" data-start=\"812\" data-end=\"858\">\n<p data-start=\"814\" data-end=\"858\">\u015eamanizm ve animizm aras\u0131ndaki ba\u011flant\u0131lar<\/p>\n<\/li>\n<li data-section-id=\"btdrxc\" data-start=\"859\" data-end=\"903\">\n<p data-start=\"861\" data-end=\"903\">Kadim rit\u00fceller ve spirit\u00fcel uygulamalar<\/p>\n<\/li>\n<li data-section-id=\"1dqbb5q\" data-start=\"904\" data-end=\"954\">\n<p data-start=\"906\" data-end=\"954\">Farkl\u0131 toplumlar\u0131n do\u011fa ile kurdu\u011fu kutsal ba\u011f<\/p>\n<\/li>\n<\/ul>\n<p data-start=\"956\" data-end=\"992\">detayl\u0131 bir \u015fekilde anlat\u0131lmaktad\u0131r.<\/p>\n<p data-start=\"994\" data-end=\"1201\">Do\u011fa ile insan aras\u0131ndaki g\u00f6r\u00fcnmeyen ba\u011f\u0131, kadim bilgeli\u011fin izlerini ve unutulmu\u015f spirit\u00fcel gelenekleri ke\u015ffetmek isteyen herkes i\u00e7in <strong data-start=\"1128\" data-end=\"1146\">Animist Dinler<\/strong>, derin bir ara\u015ft\u0131rma ve fark\u0131ndal\u0131k yolculu\u011fu sunuyor.<\/p>\n<p data-start=\"1203\" data-end=\"1368\">E\u011fer kadim inan\u00e7 sistemlerine, spirit\u00fcel k\u00fclt\u00fcrlere ve insanl\u0131\u011f\u0131n k\u00f6kenindeki kutsal anlay\u0131\u015fa ilgi duyuyorsan\u0131z, bu kitap sizi ge\u00e7mi\u015fin bilgelikleriyle bulu\u015fturacak.<\/p>\n","protected":false},"featured_media":970,"comment_status":"closed","ping_status":"closed","template":"","meta":[],"product_brand":[],"product_cat":[21],"product_tag":[],"class_list":{"0":"post-910","1":"product","2":"type-product","3":"status-publish","4":"has-post-thumbnail","6":"product_cat-kitaplarim","8":"first","9":"instock","10":"shipping-taxable","11":"product-type-external"},"_links":{"self":[{"href":"https:\/\/dertdinliyorum.com\/index.php\/wp-json\/wp\/v2\/product\/910","targetHints":{"allow":["GET"]}}],"collection":[{"href":"https:\/\/dertdinliyorum.com\/index.php\/wp-json\/wp\/v2\/product"}],"about":[{"href":"https:\/\/dertdinliyorum.com\/index.php\/wp-json\/wp\/v2\/types\/product"}],"replies":[{"embeddable":true,"href":"https:\/\/dertdinliyorum.com\/index.php\/wp-json\/wp\/v2\/comments?post=910"}],"wp:featuredmedia":[{"embeddable":true,"href":"https:\/\/dertdinliyorum.com\/index.php\/wp-json\/wp\/v2\/media\/970"}],"wp:attachment":[{"href":"https:\/\/dertdinliyorum.com\/index.php\/wp-json\/wp\/v2\/media?parent=910"}],"wp:term":[{"taxonomy":"product_brand","embeddable":true,"href":"https:\/\/dertdinliyorum.com\/index.php\/wp-json\/wp\/v2\/product_brand?post=910"},{"taxonomy":"product_cat","embeddable":true,"href":"https:\/\/dertdinliyorum.com\/index.php\/wp-json\/wp\/v2\/product_cat?post=910"},{"taxonomy":"product_tag","embeddable":true,"href":"https:\/\/dertdinliyorum.com\/index.php\/wp-json\/wp\/v2\/product_tag?post=910"}],"curies":[{"name":"wp","href":"https:\/\/api.w.org\/{rel}","templated":true}]}}