{"id":911,"date":"2026-03-05T08:05:15","date_gmt":"2026-03-05T05:05:15","guid":{"rendered":"https:\/\/dertdinliyorum.com\/?post_type=product&#038;p=911"},"modified":"2026-03-11T17:54:06","modified_gmt":"2026-03-11T14:54:06","slug":"farkli-dinler-ve-inanislar","status":"publish","type":"product","link":"https:\/\/dertdinliyorum.com\/index.php\/urun\/farkli-dinler-ve-inanislar\/","title":{"rendered":"FARKLI D\u0130NLER VE \u0130NANI\u015eLAR"},"content":{"rendered":"","protected":false},"excerpt":{"rendered":"<h2 data-section-id=\"ovyi04\" data-start=\"0\" data-end=\"28\">Farkl\u0131 Dinler ve \u0130nan\u00e7lar<\/h2>\n<p data-start=\"30\" data-end=\"322\">\u0130nsanl\u0131k tarihi boyunca insanlar, varolu\u015fu anlamak ve hayat\u0131n anlam\u0131n\u0131 ke\u015ffetmek i\u00e7in farkl\u0131 <strong data-start=\"123\" data-end=\"174\">dinler, inan\u00e7 sistemleri ve spirit\u00fcel \u00f6\u011fretiler<\/strong> geli\u015ftirmi\u015ftir. Bu kitap, d\u00fcnyan\u0131n farkl\u0131 k\u00fclt\u00fcrlerinde ortaya \u00e7\u0131kan dinleri ve inan\u00e7 bi\u00e7imlerini anla\u015f\u0131l\u0131r ve kapsaml\u0131 bir \u015fekilde ele almaktad\u0131r.<\/p>\n<p data-start=\"324\" data-end=\"631\"><strong data-start=\"324\" data-end=\"353\">Farkl\u0131 Dinler ve \u0130nan\u00e7lar<\/strong>, yaln\u0131zca b\u00fcy\u00fck d\u00fcnya dinlerini de\u011fil; ayn\u0131 zamanda kadim inan\u00e7 sistemlerini, spirit\u00fcel gelenekleri ve farkl\u0131 toplumlar\u0131n kutsal kabul etti\u011fi \u00f6\u011fretileri de inceler. \u0130nsanl\u0131\u011f\u0131n inan\u00e7 yolculu\u011funu tarihsel, k\u00fclt\u00fcrel ve d\u00fc\u015f\u00fcnsel y\u00f6nleriyle ke\u015ffetmek isteyenler i\u00e7in haz\u0131rlanm\u0131\u015ft\u0131r.<\/p>\n<p data-start=\"633\" data-end=\"668\">Kitapta ele al\u0131nan ba\u015fl\u0131ca konular:<\/p>\n<ul data-start=\"670\" data-end=\"908\">\n<li data-section-id=\"gcavei\" data-start=\"670\" data-end=\"707\">\n<p data-start=\"672\" data-end=\"707\">D\u00fcnya dinlerinin temel \u00f6\u011fretileri<\/p>\n<\/li>\n<li data-section-id=\"zrc3f4\" data-start=\"708\" data-end=\"755\">\n<p data-start=\"710\" data-end=\"755\">Kadim inan\u00e7 sistemleri ve geleneksel dinler<\/p>\n<\/li>\n<li data-section-id=\"h9bcid\" data-start=\"756\" data-end=\"802\">\n<p data-start=\"758\" data-end=\"802\">Animizm, \u015famanizm ve do\u011fa temelli inan\u00e7lar<\/p>\n<\/li>\n<li data-section-id=\"kt79pv\" data-start=\"803\" data-end=\"857\">\n<p data-start=\"805\" data-end=\"857\">Farkl\u0131 toplumlar\u0131n kutsal rit\u00fcelleri ve sembolleri<\/p>\n<\/li>\n<li data-section-id=\"10yl6n3\" data-start=\"858\" data-end=\"908\">\n<p data-start=\"860\" data-end=\"908\">\u0130nsanl\u0131\u011f\u0131n inan\u00e7 tarihine y\u00f6n veren d\u00fc\u015f\u00fcnceler<\/p>\n<\/li>\n<\/ul>\n<p data-start=\"910\" data-end=\"1157\">Bu eser, farkl\u0131 dinleri ve inan\u00e7lar\u0131 <strong data-start=\"947\" data-end=\"993\">tarafs\u0131z ve ara\u015ft\u0131rmac\u0131 bir bak\u0131\u015f a\u00e7\u0131s\u0131yla<\/strong> inceleyerek okuyucuya geni\u015f bir perspektif sunar. K\u00fclt\u00fcrler aras\u0131ndaki benzerlikleri ve farkl\u0131l\u0131klar\u0131 anlamak isteyen herkes i\u00e7in \u00f6nemli bir kaynak niteli\u011findedir.<\/p>\n<p data-start=\"1159\" data-end=\"1338\">E\u011fer insanl\u0131\u011f\u0131n <strong data-start=\"1175\" data-end=\"1253\">inan\u00e7 tarihini, kadim \u00f6\u011fretileri ve farkl\u0131 k\u00fclt\u00fcrlerin spirit\u00fcel d\u00fcnyas\u0131n\u0131<\/strong> ke\u015ffetmek istiyorsan\u0131z, bu kitap size zengin ve d\u00fc\u015f\u00fcnd\u00fcr\u00fcc\u00fc bir yolculuk sunacakt\u0131r.<\/p>\n","protected":false},"featured_media":972,"comment_status":"closed","ping_status":"closed","template":"","meta":[],"product_brand":[],"product_cat":[21],"product_tag":[],"class_list":{"0":"post-911","1":"product","2":"type-product","3":"status-publish","4":"has-post-thumbnail","6":"product_cat-kitaplarim","8":"first","9":"instock","10":"shipping-taxable","11":"product-type-external"},"_links":{"self":[{"href":"https:\/\/dertdinliyorum.com\/index.php\/wp-json\/wp\/v2\/product\/911","targetHints":{"allow":["GET"]}}],"collection":[{"href":"https:\/\/dertdinliyorum.com\/index.php\/wp-json\/wp\/v2\/product"}],"about":[{"href":"https:\/\/dertdinliyorum.com\/index.php\/wp-json\/wp\/v2\/types\/product"}],"replies":[{"embeddable":true,"href":"https:\/\/dertdinliyorum.com\/index.php\/wp-json\/wp\/v2\/comments?post=911"}],"wp:featuredmedia":[{"embeddable":true,"href":"https:\/\/dertdinliyorum.com\/index.php\/wp-json\/wp\/v2\/media\/972"}],"wp:attachment":[{"href":"https:\/\/dertdinliyorum.com\/index.php\/wp-json\/wp\/v2\/media?parent=911"}],"wp:term":[{"taxonomy":"product_brand","embeddable":true,"href":"https:\/\/dertdinliyorum.com\/index.php\/wp-json\/wp\/v2\/product_brand?post=911"},{"taxonomy":"product_cat","embeddable":true,"href":"https:\/\/dertdinliyorum.com\/index.php\/wp-json\/wp\/v2\/product_cat?post=911"},{"taxonomy":"product_tag","embeddable":true,"href":"https:\/\/dertdinliyorum.com\/index.php\/wp-json\/wp\/v2\/product_tag?post=911"}],"curies":[{"name":"wp","href":"https:\/\/api.w.org\/{rel}","templated":true}]}}