{"id":912,"date":"2026-03-05T08:05:15","date_gmt":"2026-03-05T05:05:15","guid":{"rendered":"https:\/\/dertdinliyorum.com\/?post_type=product&#038;p=912"},"modified":"2026-03-11T17:52:23","modified_gmt":"2026-03-11T14:52:23","slug":"taraftari-kalmayan-dinler","status":"publish","type":"product","link":"https:\/\/dertdinliyorum.com\/index.php\/urun\/taraftari-kalmayan-dinler\/","title":{"rendered":"TARAFTARI KALMAYAN D\u0130NLER"},"content":{"rendered":"","protected":false},"excerpt":{"rendered":"<h2 data-section-id=\"p8kpzr\" data-start=\"62\" data-end=\"90\">Taraftar\u0131 Kalmayan Dinler<\/h2>\n<p data-start=\"92\" data-end=\"372\">\u0130nsanl\u0131k tarihi boyunca ortaya \u00e7\u0131kan bir\u00e7ok din ve inan\u00e7 sistemi zaman i\u00e7inde yok olmu\u015f, unutulmu\u015f ya da yaln\u0131zca tarih kitaplar\u0131nda yerini alm\u0131\u015ft\u0131r. Bir zamanlar milyonlarca insan\u0131n inand\u0131\u011f\u0131 bu \u00f6\u011fretiler, toplumlar\u0131n k\u00fclt\u00fcr\u00fcn\u00fc, ya\u015fam bi\u00e7imini ve d\u00fcnya g\u00f6r\u00fc\u015f\u00fcn\u00fc \u015fekillendirmi\u015ftir.<\/p>\n<p data-start=\"374\" data-end=\"628\"><strong data-start=\"374\" data-end=\"403\">Taraftar\u0131 Kalmayan Dinler<\/strong>, ge\u00e7mi\u015fte b\u00fcy\u00fck etkiler yaratm\u0131\u015f ancak g\u00fcn\u00fcm\u00fczde art\u0131k takip\u00e7isi kalmam\u0131\u015f veya \u00e7ok azalm\u0131\u015f olan inan\u00e7 sistemlerini ele alan kapsaml\u0131 bir \u00e7al\u0131\u015fmad\u0131r. Bu kitap, insanl\u0131\u011f\u0131n inan\u00e7 tarihine farkl\u0131 bir pencereden bakman\u0131z\u0131 sa\u011flar.<\/p>\n<p data-start=\"630\" data-end=\"666\">Kitapta ele al\u0131nan konular aras\u0131nda:<\/p>\n<ul data-start=\"668\" data-end=\"922\">\n<li data-section-id=\"6vvf5n\" data-start=\"668\" data-end=\"709\">\n<p data-start=\"670\" data-end=\"709\">Antik uygarl\u0131klar\u0131n kaybolmu\u015f dinleri<\/p>\n<\/li>\n<li data-section-id=\"3p4g40\" data-start=\"710\" data-end=\"758\">\n<p data-start=\"712\" data-end=\"758\">Eski M\u0131s\u0131r, Mezopotamya ve Anadolu inan\u00e7lar\u0131<\/p>\n<\/li>\n<li data-section-id=\"1nt0w9d\" data-start=\"759\" data-end=\"805\">\n<p data-start=\"761\" data-end=\"805\">Tarih i\u00e7inde yok olan k\u00fcltler ve rit\u00fceller<\/p>\n<\/li>\n<li data-section-id=\"zz3u18\" data-start=\"806\" data-end=\"854\">\n<p data-start=\"808\" data-end=\"854\">Tanr\u0131 anlay\u0131\u015flar\u0131n\u0131n zamanla nas\u0131l de\u011fi\u015fti\u011fi<\/p>\n<\/li>\n<li data-section-id=\"whp2s2\" data-start=\"855\" data-end=\"922\">\n<p data-start=\"857\" data-end=\"922\">\u0130nsanl\u0131k tarihinde iz b\u0131rakm\u0131\u015f fakat unutulmu\u015f inan\u00e7 sistemleri<\/p>\n<\/li>\n<\/ul>\n<p data-start=\"924\" data-end=\"939\">yer almaktad\u0131r.<\/p>\n<p data-start=\"941\" data-end=\"1209\">Bu eser, ge\u00e7mi\u015fte var olmu\u015f fakat g\u00fcn\u00fcm\u00fczde unutulmu\u015f dinleri ve inan\u00e7lar\u0131 ara\u015ft\u0131rmak isteyen okuyucular i\u00e7in haz\u0131rlanm\u0131\u015ft\u0131r. Tarihin derinliklerinde kalan bu \u00f6\u011fretiler, insanl\u0131\u011f\u0131n d\u00fc\u015f\u00fcnce d\u00fcnyas\u0131n\u0131 ve k\u00fclt\u00fcrel geli\u015fimini anlamak a\u00e7\u0131s\u0131ndan \u00f6nemli ipu\u00e7lar\u0131 sunmaktad\u0131r.<\/p>\n<p data-start=\"1211\" data-end=\"1399\">E\u011fer insanl\u0131k tarihinin <strong data-start=\"1235\" data-end=\"1313\">unutulmu\u015f inan\u00e7lar\u0131n\u0131, kaybolmu\u015f dinlerini ve ge\u00e7mi\u015fin spirit\u00fcel d\u00fcnyas\u0131n\u0131<\/strong> ke\u015ffetmek istiyorsan\u0131z, bu kitap sizi zaman i\u00e7inde farkl\u0131 bir yolculu\u011fa \u00e7\u0131karacakt\u0131r.<\/p>\n","protected":false},"featured_media":976,"comment_status":"closed","ping_status":"closed","template":"","meta":[],"product_brand":[],"product_cat":[21],"product_tag":[],"class_list":{"0":"post-912","1":"product","2":"type-product","3":"status-publish","4":"has-post-thumbnail","6":"product_cat-kitaplarim","8":"first","9":"instock","10":"shipping-taxable","11":"product-type-external"},"_links":{"self":[{"href":"https:\/\/dertdinliyorum.com\/index.php\/wp-json\/wp\/v2\/product\/912","targetHints":{"allow":["GET"]}}],"collection":[{"href":"https:\/\/dertdinliyorum.com\/index.php\/wp-json\/wp\/v2\/product"}],"about":[{"href":"https:\/\/dertdinliyorum.com\/index.php\/wp-json\/wp\/v2\/types\/product"}],"replies":[{"embeddable":true,"href":"https:\/\/dertdinliyorum.com\/index.php\/wp-json\/wp\/v2\/comments?post=912"}],"wp:featuredmedia":[{"embeddable":true,"href":"https:\/\/dertdinliyorum.com\/index.php\/wp-json\/wp\/v2\/media\/976"}],"wp:attachment":[{"href":"https:\/\/dertdinliyorum.com\/index.php\/wp-json\/wp\/v2\/media?parent=912"}],"wp:term":[{"taxonomy":"product_brand","embeddable":true,"href":"https:\/\/dertdinliyorum.com\/index.php\/wp-json\/wp\/v2\/product_brand?post=912"},{"taxonomy":"product_cat","embeddable":true,"href":"https:\/\/dertdinliyorum.com\/index.php\/wp-json\/wp\/v2\/product_cat?post=912"},{"taxonomy":"product_tag","embeddable":true,"href":"https:\/\/dertdinliyorum.com\/index.php\/wp-json\/wp\/v2\/product_tag?post=912"}],"curies":[{"name":"wp","href":"https:\/\/api.w.org\/{rel}","templated":true}]}}