{"id":914,"date":"2026-03-05T08:05:15","date_gmt":"2026-03-05T05:05:15","guid":{"rendered":"https:\/\/dertdinliyorum.com\/?post_type=product&#038;p=914"},"modified":"2026-03-11T17:25:59","modified_gmt":"2026-03-11T14:25:59","slug":"kaelis-ve-isis","status":"publish","type":"product","link":"https:\/\/dertdinliyorum.com\/index.php\/urun\/kaelis-ve-isis\/","title":{"rendered":"KAEL\u0130S VE \u0130S\u0130S"},"content":{"rendered":"","protected":false},"excerpt":{"rendered":"<h2>Kaelis ve \u0130sis<\/h2>\n<h3>Zaman\u0131n \u00d6tesinde Bir Hat\u0131rlay\u0131\u015f<\/h3>\n<p class=\"isSelectedEnd\">Zaman do\u011frusal de\u011fildir.<br \/>\nGe\u00e7mi\u015f, \u015fimdi ve gelecek ayn\u0131 bilin\u00e7 alan\u0131nda var olur.<\/p>\n<p class=\"isSelectedEnd\"><strong>Kaelis ve \u0130sis<\/strong>, yaln\u0131zca iki karakter de\u011fil; ayn\u0131 ruhun farkl\u0131 zaman katmanlar\u0131ndaki yans\u0131malar\u0131d\u0131r. Atlantis\u2019in son g\u00fcnlerinden modern d\u00fcnyan\u0131n k\u0131r\u0131lma anlar\u0131na uzanan bu anlat\u0131, kader ve se\u00e7im aras\u0131ndaki ince \u00e7izgiyi sorgular.<\/p>\n<p class=\"isSelectedEnd\">Bir uygarl\u0131k y\u0131k\u0131l\u0131rken ger\u00e7ekten ne kaybolur?<br \/>\nBilgi mi? G\u00fc\u00e7 m\u00fc?<br \/>\nYoksa insan\u0131n kendi \u00f6z\u00fcn\u00fc hat\u0131rlama kapasitesi mi?<\/p>\n<p class=\"isSelectedEnd\">Bu roman, mitoloji ile bilinci; tarih ile metafizi\u011fi; kozmoloji ile insan ruhunu bir araya getirir. Atlantis, Mu ve kadim uygarl\u0131klar\u0131n bilgeli\u011fi yaln\u0131zca efsaneler olarak de\u011fil, bilincin farkl\u0131 frekanslar\u0131 ve insanl\u0131\u011f\u0131n unutulmu\u015f hat\u0131ralar\u0131 olarak yeniden yorumlan\u0131r.<\/p>\n<p class=\"isSelectedEnd\">\u0130sis, hat\u0131rlayan bilin\u00e7tir.<br \/>\nKaelis, aktaran bilgidir.<br \/>\nVe zaman, sand\u0131\u011f\u0131m\u0131z gibi ilerleyen bir \u00e7izgi de\u011fil; kapanmay\u0131 bekleyen bir \u00e7emberdir.<\/p>\n<p class=\"isSelectedEnd\">Kaelis ve \u0130sis\u2019in hik\u00e2yesi yaln\u0131zca iki karakterin yolculu\u011fu de\u011fildir. Bu anlat\u0131, insan\u0131n kendi \u00f6z\u00fcn\u00fc hat\u0131rlama, ge\u00e7mi\u015f ya\u015famlar\u0131n izlerini ke\u015ffetme ve bilincin derin katmanlar\u0131na ula\u015fma aray\u0131\u015f\u0131n\u0131n sembol\u00fcd\u00fcr. Okuyucu, zaman\u0131n k\u0131r\u0131ld\u0131\u011f\u0131, ger\u00e7ekli\u011fin sorguland\u0131\u011f\u0131 ve kadim bilgilerin yeniden hat\u0131rland\u0131\u011f\u0131 bir d\u00fcnyan\u0131n kap\u0131lar\u0131n\u0131 aralar.<\/p>\n<p class=\"isSelectedEnd\"><strong>\u201cKaelis ve \u0130sis\u201d<\/strong>, yaln\u0131zca okunacak bir hik\u00e2ye de\u011fil; deneyimlenecek bir i\u00e7sel yolculuktur.<\/p>\n<p>E\u011fer zaman\u0131n k\u0131r\u0131ld\u0131\u011f\u0131 anlar\u0131 hissettiysen,<br \/>\nE\u011fer baz\u0131 bilgileri \u00f6\u011frenmek yerine hat\u0131rlad\u0131\u011f\u0131n\u0131 d\u00fc\u015f\u00fcnd\u00fcysen,<br \/>\nBu kitap sana yabanc\u0131 gelmeyecek.<\/p>\n","protected":false},"featured_media":973,"comment_status":"closed","ping_status":"closed","template":"","meta":[],"product_brand":[],"product_cat":[21],"product_tag":[],"class_list":{"0":"post-914","1":"product","2":"type-product","3":"status-publish","4":"has-post-thumbnail","6":"product_cat-kitaplarim","8":"first","9":"instock","10":"shipping-taxable","11":"product-type-external"},"_links":{"self":[{"href":"https:\/\/dertdinliyorum.com\/index.php\/wp-json\/wp\/v2\/product\/914","targetHints":{"allow":["GET"]}}],"collection":[{"href":"https:\/\/dertdinliyorum.com\/index.php\/wp-json\/wp\/v2\/product"}],"about":[{"href":"https:\/\/dertdinliyorum.com\/index.php\/wp-json\/wp\/v2\/types\/product"}],"replies":[{"embeddable":true,"href":"https:\/\/dertdinliyorum.com\/index.php\/wp-json\/wp\/v2\/comments?post=914"}],"wp:featuredmedia":[{"embeddable":true,"href":"https:\/\/dertdinliyorum.com\/index.php\/wp-json\/wp\/v2\/media\/973"}],"wp:attachment":[{"href":"https:\/\/dertdinliyorum.com\/index.php\/wp-json\/wp\/v2\/media?parent=914"}],"wp:term":[{"taxonomy":"product_brand","embeddable":true,"href":"https:\/\/dertdinliyorum.com\/index.php\/wp-json\/wp\/v2\/product_brand?post=914"},{"taxonomy":"product_cat","embeddable":true,"href":"https:\/\/dertdinliyorum.com\/index.php\/wp-json\/wp\/v2\/product_cat?post=914"},{"taxonomy":"product_tag","embeddable":true,"href":"https:\/\/dertdinliyorum.com\/index.php\/wp-json\/wp\/v2\/product_tag?post=914"}],"curies":[{"name":"wp","href":"https:\/\/api.w.org\/{rel}","templated":true}]}}